{"id":10,"date":"2014-06-17T07:49:56","date_gmt":"2014-06-17T07:49:56","guid":{"rendered":"https:\/\/amkb.lt\/?page_id=10"},"modified":"2021-08-25T04:14:19","modified_gmt":"2021-08-25T04:14:19","slug":"komanda","status":"publish","type":"page","link":"https:\/\/amkb.lt\/?page_id=10","title":{"rendered":"Komanda"},"content":{"rendered":"<p>Jau daug met\u0173 klientai pasitiki UAB \u201eAudito ir apskaitos biuras\u201c profesional\u0173 komanda, teikian\u010dia vis\u0105 tiek verslui, tiek ir privatiems asmenims reikaling\u0173 finansini\u0173 paslaug\u0173 spektr\u0105.<\/p>\n","protected":false},"excerpt":{"rendered":"<p>Jau daug met\u0173 klientai pasitiki UAB \u201eAudito ir apskaitos biuras\u201c profesional\u0173 komanda, teikian\u010dia vis\u0105 tiek verslui, tiek ir privatiems asmenims reikaling\u0173 finansini\u0173 paslaug\u0173 spektr\u0105.<\/p>\n","protected":false},"author":1,"featured_media":0,"parent":0,"menu_order":2,"comment_status":"closed","ping_status":"open","template":"","meta":{"footnotes":""},"class_list":["post-10","page","type-page","status-publish","hentry","column","twocol"],"_links":{"self":[{"href":"https:\/\/amkb.lt\/index.php?rest_route=\/wp\/v2\/pages\/10","targetHints":{"allow":["GET"]}}],"collection":[{"href":"https:\/\/amkb.lt\/index.php?rest_route=\/wp\/v2\/pages"}],"about":[{"href":"https:\/\/amkb.lt\/index.php?rest_route=\/wp\/v2\/types\/page"}],"author":[{"embeddable":true,"href":"https:\/\/amkb.lt\/index.php?rest_route=\/wp\/v2\/users\/1"}],"replies":[{"embeddable":true,"href":"https:\/\/amkb.lt\/index.php?rest_route=%2Fwp%2Fv2%2Fcomments&post=10"}],"version-history":[{"count":5,"href":"https:\/\/amkb.lt\/index.php?rest_route=\/wp\/v2\/pages\/10\/revisions"}],"predecessor-version":[{"id":184,"href":"https:\/\/amkb.lt\/index.php?rest_route=\/wp\/v2\/pages\/10\/revisions\/184"}],"wp:attachment":[{"href":"https:\/\/amkb.lt\/index.php?rest_route=%2Fwp%2Fv2%2Fmedia&parent=10"}],"curies":[{"name":"wp","href":"https:\/\/api.w.org\/{rel}","templated":true}]}}