{"id":12,"date":"2014-06-17T07:50:06","date_gmt":"2014-06-17T07:50:06","guid":{"rendered":"https:\/\/amkb.lt\/?page_id=12"},"modified":"2025-09-03T04:12:20","modified_gmt":"2025-09-03T04:12:20","slug":"kontaktai","status":"publish","type":"page","link":"https:\/\/amkb.lt\/?page_id=12","title":{"rendered":"Kontaktai"},"content":{"rendered":"<table style=\"width: 714px; height: 157px;\">\n<tbody>\n<tr>\n<td>\u00a0<\/td>\n<td>\n<p>UAB \u201eAUDITO IR APSKAITOS BIURAS\u201c<br \/>\u012emon\u0117s kodas: 126312983<br \/>PVM mok. kodas: LT263129811<br \/>El. pa\u0161tas: <a href=\"mailto:info@amkb.lt\">info@amkb.lt<\/a><\/p>\n<p>Darbo laikas: I-V 07:00 &#8211; 16.00<\/p>\n<\/td>\n<td style=\"text-align: center;\">Registracijos adresas:<br \/>Jona\u017eoli\u0173 g. 19-54, 04140 Vilnius<br \/>Biuras:<br \/>Smolensko g. 6 \u2013 418, 03201 Vilnius<br \/>Mob. Tel.: +370\u00a0683 91631<\/td>\n<\/tr>\n<\/tbody>\n<\/table>\n<p style=\"text-align: center;\"><iframe loading=\"lazy\" style=\"border: 0;\" src=\"https:\/\/www.google.com\/maps\/embed?pb=!1m18!1m12!1m3!1d2307.1693502433823!2d25.257364115888823!3d54.6714474802781!2m3!1f0!2f0!3f0!3m2!1i1024!2i768!4f13.1!3m3!1m2!1s0x46dd94700e00f0fb%3A0xc3f9e8038d051745!2sSmolensko%20g.%206%2C%20Vilnius%2003201!5e0!3m2!1sen!2slt!4v1631529381512!5m2!1sen!2slt\" width=\"600\" height=\"450\" allowfullscreen=\"allowfullscreen\"><\/iframe><\/p>\n\n\n<p><\/p>\n","protected":false},"excerpt":{"rendered":"<p>\u00a0 UAB \u201eAUDITO IR APSKAITOS BIURAS\u201c\u012emon\u0117s kodas: 126312983PVM mok. kodas: LT263129811El. pa\u0161tas: info@amkb.lt Darbo laikas: I-V 07:00 &#8211; 16.00 Registracijos adresas:Jona\u017eoli\u0173 g. 19-54, 04140 VilniusBiuras:Smolensko g. 6 \u2013 418, 03201 VilniusMob. Tel.: +370\u00a0683 91631<\/p>\n","protected":false},"author":1,"featured_media":0,"parent":0,"menu_order":4,"comment_status":"closed","ping_status":"open","template":"","meta":{"footnotes":""},"class_list":["post-12","page","type-page","status-publish","hentry","column","twocol"],"_links":{"self":[{"href":"https:\/\/amkb.lt\/index.php?rest_route=\/wp\/v2\/pages\/12","targetHints":{"allow":["GET"]}}],"collection":[{"href":"https:\/\/amkb.lt\/index.php?rest_route=\/wp\/v2\/pages"}],"about":[{"href":"https:\/\/amkb.lt\/index.php?rest_route=\/wp\/v2\/types\/page"}],"author":[{"embeddable":true,"href":"https:\/\/amkb.lt\/index.php?rest_route=\/wp\/v2\/users\/1"}],"replies":[{"embeddable":true,"href":"https:\/\/amkb.lt\/index.php?rest_route=%2Fwp%2Fv2%2Fcomments&post=12"}],"version-history":[{"count":44,"href":"https:\/\/amkb.lt\/index.php?rest_route=\/wp\/v2\/pages\/12\/revisions"}],"predecessor-version":[{"id":271,"href":"https:\/\/amkb.lt\/index.php?rest_route=\/wp\/v2\/pages\/12\/revisions\/271"}],"wp:attachment":[{"href":"https:\/\/amkb.lt\/index.php?rest_route=%2Fwp%2Fv2%2Fmedia&parent=12"}],"curies":[{"name":"wp","href":"https:\/\/api.w.org\/{rel}","templated":true}]}}