{"id":130,"date":"2018-09-24T06:11:30","date_gmt":"2018-09-24T06:11:30","guid":{"rendered":"https:\/\/amkb.lt\/?page_id=130"},"modified":"2025-09-02T05:58:54","modified_gmt":"2025-09-02T05:58:54","slug":"privatumo-politika","status":"publish","type":"page","link":"https:\/\/amkb.lt\/?page_id=130","title":{"rendered":"Privatumo politika"},"content":{"rendered":"<p>UAB \u201eAudito ir apskaitos biuras\u201c vykdydama savo veikl\u0105 renka ir saugo tam tikr\u0173 tip\u0173 Asmens duomenis vadovaudamasi Bendruoju duomen\u0173 apsaugos reglamentu ir nacionaliniais teis\u0117s aktais. Bendrov\u0117s asmens duomen\u0173 tvarkymo tikslus, nustatyt\u0105 Duomen\u0173 subjekt\u0173 teisi\u0173 \u012fgyvendinimo tvark\u0105, \u012emon\u0117s darbuotoj\u0173 teises, pareigas ir atsakomyb\u0119 tvarkant asmens duomenis, organizacines ir technines duomen\u0173 apsaugos priemones numato 2025 m. rugpj\u016b\u010dio 29 d. \u012fsakymu Nr. 974 patvirtinta UAB \u201eAudito ir apskaitos biuras\u201c privatumo politika ir kiti susij\u0119 dokumentai.<\/p>\n<p>Su bendrov\u0117s privatumo politika susipa\u017einti galite \u010dia:<\/p>\n<p><a href=\"https:\/\/amkb.lt\/wp-content\/uploads\/2025\/09\/Privatumo-Politika_2025_Svetaine.pdf\" target=\"_blank\" rel=\"noopener\">Privatumo politika<\/a><\/p>\n","protected":false},"excerpt":{"rendered":"<p>UAB \u201eAudito ir apskaitos biuras\u201c vykdydama savo veikl\u0105 renka ir saugo tam tikr\u0173 tip\u0173 Asmens duomenis vadovaudamasi Bendruoju duomen\u0173 apsaugos reglamentu ir nacionaliniais teis\u0117s aktais. Bendrov\u0117s asmens duomen\u0173 tvarkymo tikslus, nustatyt\u0105 Duomen\u0173 subjekt\u0173 teisi\u0173 \u012fgyvendinimo tvark\u0105, \u012emon\u0117s darbuotoj\u0173 teises, pareigas ir atsakomyb\u0119 tvarkant asmens duomenis, organizacines ir technines duomen\u0173 apsaugos &#8230;<\/p>\n","protected":false},"author":1,"featured_media":0,"parent":0,"menu_order":5,"comment_status":"closed","ping_status":"closed","template":"","meta":{"footnotes":""},"class_list":["post-130","page","type-page","status-publish","hentry","column","twocol"],"_links":{"self":[{"href":"https:\/\/amkb.lt\/index.php?rest_route=\/wp\/v2\/pages\/130","targetHints":{"allow":["GET"]}}],"collection":[{"href":"https:\/\/amkb.lt\/index.php?rest_route=\/wp\/v2\/pages"}],"about":[{"href":"https:\/\/amkb.lt\/index.php?rest_route=\/wp\/v2\/types\/page"}],"author":[{"embeddable":true,"href":"https:\/\/amkb.lt\/index.php?rest_route=\/wp\/v2\/users\/1"}],"replies":[{"embeddable":true,"href":"https:\/\/amkb.lt\/index.php?rest_route=%2Fwp%2Fv2%2Fcomments&post=130"}],"version-history":[{"count":7,"href":"https:\/\/amkb.lt\/index.php?rest_route=\/wp\/v2\/pages\/130\/revisions"}],"predecessor-version":[{"id":268,"href":"https:\/\/amkb.lt\/index.php?rest_route=\/wp\/v2\/pages\/130\/revisions\/268"}],"wp:attachment":[{"href":"https:\/\/amkb.lt\/index.php?rest_route=%2Fwp%2Fv2%2Fmedia&parent=130"}],"curies":[{"name":"wp","href":"https:\/\/api.w.org\/{rel}","templated":true}]}}