{"id":8,"date":"2014-06-17T07:49:46","date_gmt":"2014-06-17T07:49:46","guid":{"rendered":"https:\/\/amkb.lt\/?page_id=8"},"modified":"2025-09-02T06:05:13","modified_gmt":"2025-09-02T06:05:13","slug":"paslaugos","status":"publish","type":"page","link":"https:\/\/amkb.lt\/?page_id=8","title":{"rendered":"Paslaugos"},"content":{"rendered":"<p>UAB \u201eAudito ir apskaitos biuras\u201c teikia \u0161ias paslaugas:<\/p>\n<ul>\n<li>Finansini\u0173 ataskait\u0173 auditas ir kitos u\u017etikrinimo paslaugos, bei konsultacijos;<\/li>\n<li>Finansin\u0117 apskaita ir konsultacijos;<\/li>\n<li>Kitos finansin\u0117s paslaugos.<\/li>\n<\/ul>\n\n\n<div class=\"wp-block-group\"><div class=\"wp-block-group__inner-container is-layout-constrained wp-block-group-is-layout-constrained\">\n<div class=\"wp-block-buttons is-layout-flex wp-block-buttons-is-layout-flex\">\n<div class=\"wp-block-button\"><a class=\"wp-block-button__link wp-element-button\" href=\"https:\/\/docs.google.com\/forms\/d\/e\/1FAIpQLSdJ3tXP7ZjigGHvw1BpMZjkdJHahrqkw8n72aoPdLGJ9X_ygQ\/viewform\">Pateikite u\u017eklaus\u0105<\/a><\/div>\n<\/div>\n<\/div><\/div>\n","protected":false},"excerpt":{"rendered":"<p>UAB \u201eAudito ir apskaitos biuras\u201c teikia \u0161ias paslaugas: Finansini\u0173 ataskait\u0173 auditas ir kitos u\u017etikrinimo paslaugos, bei konsultacijos; Finansin\u0117 apskaita ir konsultacijos; Kitos finansin\u0117s paslaugos.<\/p>\n","protected":false},"author":1,"featured_media":0,"parent":0,"menu_order":1,"comment_status":"closed","ping_status":"open","template":"","meta":{"footnotes":""},"class_list":["post-8","page","type-page","status-publish","hentry","column","twocol"],"_links":{"self":[{"href":"https:\/\/amkb.lt\/index.php?rest_route=\/wp\/v2\/pages\/8","targetHints":{"allow":["GET"]}}],"collection":[{"href":"https:\/\/amkb.lt\/index.php?rest_route=\/wp\/v2\/pages"}],"about":[{"href":"https:\/\/amkb.lt\/index.php?rest_route=\/wp\/v2\/types\/page"}],"author":[{"embeddable":true,"href":"https:\/\/amkb.lt\/index.php?rest_route=\/wp\/v2\/users\/1"}],"replies":[{"embeddable":true,"href":"https:\/\/amkb.lt\/index.php?rest_route=%2Fwp%2Fv2%2Fcomments&post=8"}],"version-history":[{"count":8,"href":"https:\/\/amkb.lt\/index.php?rest_route=\/wp\/v2\/pages\/8\/revisions"}],"predecessor-version":[{"id":270,"href":"https:\/\/amkb.lt\/index.php?rest_route=\/wp\/v2\/pages\/8\/revisions\/270"}],"wp:attachment":[{"href":"https:\/\/amkb.lt\/index.php?rest_route=%2Fwp%2Fv2%2Fmedia&parent=8"}],"curies":[{"name":"wp","href":"https:\/\/api.w.org\/{rel}","templated":true}]}}